{"id":32,"date":"2025-07-24T15:11:18","date_gmt":"2025-07-24T15:11:18","guid":{"rendered":"https:\/\/niunuddstofa.is\/?page_id=32"},"modified":"2025-10-20T12:24:45","modified_gmt":"2025-10-20T12:24:45","slug":"our-team","status":"publish","type":"page","link":"https:\/\/niunuddstofa.is\/index.php\/our-team\/","title":{"rendered":"Starfsf\u00f3lki\u00f0"},"content":{"rendered":"\n<div class=\"wp-block-columns is-layout-flex wp-container-core-columns-is-layout-28f84493 wp-block-columns-is-layout-flex\">\n<div class=\"wp-block-column is-layout-flow wp-block-column-is-layout-flow\">\n<figure class=\"wp-block-image aligncenter size-full is-resized\"><img loading=\"lazy\" decoding=\"async\" width=\"601\" height=\"599\" src=\"https:\/\/niunuddstofa.is\/wp-content\/uploads\/2025\/07\/novy.png\" alt=\"\" class=\"wp-image-34\" style=\"width:227px;height:auto\" srcset=\"https:\/\/niunuddstofa.is\/wp-content\/uploads\/2025\/07\/novy.png 601w, https:\/\/niunuddstofa.is\/wp-content\/uploads\/2025\/07\/novy-300x300.png 300w, https:\/\/niunuddstofa.is\/wp-content\/uploads\/2025\/07\/novy-100x100.png 100w, https:\/\/niunuddstofa.is\/wp-content\/uploads\/2025\/07\/novy-150x150.png 150w, https:\/\/niunuddstofa.is\/wp-content\/uploads\/2025\/07\/novy-1x1.png 1w\" sizes=\"auto, (max-width: 601px) 100vw, 601px\" \/><\/figure>\n<\/div>\n\n\n\n<div class=\"wp-block-column is-layout-flow wp-block-column-is-layout-flow\">\n<p><strong>Novy<\/strong> er l\u00f6ggiltur nuddari me\u00f0 yfir 5 \u00e1ra reynslu sem sameinar fj\u00f6lbreytta \u00feekkingu \u00ed nuddme\u00f0fer\u00f0art\u00e6kni sem skapar g\u00f3\u00f0a tilfinningu fyrir huga og l\u00edkama, slakar \u00e1 og lyftir upp \u00e1 sama t\u00edma.<\/p>\n<\/div>\n\n\n\n<div class=\"wp-block-column is-vertically-aligned-center is-layout-flow wp-block-column-is-layout-flow\">\n<div class=\"wp-block-buttons is-content-justification-center is-layout-flex wp-container-core-buttons-is-layout-a89b3969 wp-block-buttons-is-layout-flex\">\n<div class=\"wp-block-button\"><a class=\"wp-block-button__link wp-element-button\" href=\"https:\/\/noona.app\/niunuddstofaehf\">B\u00f3ka Novy<\/a><\/div>\n<\/div>\n<\/div>\n<\/div>\n\n\n\n<hr class=\"wp-block-separator has-alpha-channel-opacity\"\/>\n\n\n\n<div class=\"wp-block-columns is-layout-flex wp-container-core-columns-is-layout-28f84493 wp-block-columns-is-layout-flex\">\n<div class=\"wp-block-column is-layout-flow wp-block-column-is-layout-flow\" style=\"flex-basis:33.34%\">\n<figure class=\"wp-block-image aligncenter size-full is-resized\"><img loading=\"lazy\" decoding=\"async\" width=\"944\" height=\"960\" src=\"https:\/\/niunuddstofa.is\/wp-content\/uploads\/2025\/10\/489992347_9857854774307960_4272433572116893332_n.jpg\" alt=\"\" class=\"wp-image-391\" style=\"width:244px;height:auto\" srcset=\"https:\/\/niunuddstofa.is\/wp-content\/uploads\/2025\/10\/489992347_9857854774307960_4272433572116893332_n.jpg 944w, https:\/\/niunuddstofa.is\/wp-content\/uploads\/2025\/10\/489992347_9857854774307960_4272433572116893332_n-295x300.jpg 295w, https:\/\/niunuddstofa.is\/wp-content\/uploads\/2025\/10\/489992347_9857854774307960_4272433572116893332_n-768x781.jpg 768w, https:\/\/niunuddstofa.is\/wp-content\/uploads\/2025\/10\/489992347_9857854774307960_4272433572116893332_n-600x610.jpg 600w\" sizes=\"auto, (max-width: 944px) 100vw, 944px\" \/><\/figure>\n<\/div>\n\n\n\n<div class=\"wp-block-column is-layout-flow wp-block-column-is-layout-flow\" style=\"flex-basis:33.34%\">\n<p><strong>Maricel <\/strong> is a Certified Massage Therapist from the Philippines. Her expertise involves classic massage, relaxing massage and deep tissue massage.<\/p>\n<\/div>\n\n\n\n<div class=\"wp-block-column is-vertically-aligned-center is-layout-flow wp-block-column-is-layout-flow\" style=\"flex-basis:33.33%\">\n<div class=\"wp-block-buttons is-content-justification-center is-layout-flex wp-container-core-buttons-is-layout-a89b3969 wp-block-buttons-is-layout-flex\">\n<div class=\"wp-block-button\"><a class=\"wp-block-button__link wp-element-button\" href=\"https:\/\/noona.app\/niunuddstofaehf\">B\u00f3ka Maricel<\/a><\/div>\n<\/div>\n<\/div>\n<\/div>\n\n\n\n<hr class=\"wp-block-separator has-alpha-channel-opacity\"\/>\n\n\n\n<div class=\"wp-block-columns is-layout-flex wp-container-core-columns-is-layout-28f84493 wp-block-columns-is-layout-flex\">\n<div class=\"wp-block-column is-layout-flow wp-block-column-is-layout-flow\">\n<figure class=\"wp-block-image aligncenter size-full is-resized\"><img loading=\"lazy\" decoding=\"async\" width=\"388\" height=\"403\" src=\"https:\/\/niunuddstofa.is\/wp-content\/uploads\/2025\/09\/Screenshot-2025-09-25-095845.png\" alt=\"\" class=\"wp-image-381\" style=\"width:258px;height:auto\" srcset=\"https:\/\/niunuddstofa.is\/wp-content\/uploads\/2025\/09\/Screenshot-2025-09-25-095845.png 388w, https:\/\/niunuddstofa.is\/wp-content\/uploads\/2025\/09\/Screenshot-2025-09-25-095845-289x300.png 289w\" sizes=\"auto, (max-width: 388px) 100vw, 388px\" \/><\/figure>\n<\/div>\n\n\n\n<div class=\"wp-block-column is-layout-flow wp-block-column-is-layout-flow\">\n<p><strong>Laura <\/strong>is a certified Massage Therapist and Aesthetic Practitioner with over 9 years of experience. Originally from Latvia and now based in Iceland, she blends therapeutic expertise with advanced aesthetic treatment to help clients feel relaxed, rejuvenated, and confident in their skin.<\/p>\n\n\n\n<p>Her treatments are intuitive, personalized, and rooted in a holistic philosoph whether you&#8217;re seeking deep tissue relief, radiant skin, or a moment of calm in your day.<\/p>\n<\/div>\n\n\n\n<div class=\"wp-block-column is-vertically-aligned-center is-layout-flow wp-block-column-is-layout-flow\">\n<div class=\"wp-block-buttons is-content-justification-center is-layout-flex wp-container-core-buttons-is-layout-a89b3969 wp-block-buttons-is-layout-flex\">\n<div class=\"wp-block-button\"><a class=\"wp-block-button__link wp-element-button\" href=\"https:\/\/noona.app\/niunuddstofaehf\">B\u00f3ka Laura<\/a><\/div>\n<\/div>\n<\/div>\n<\/div>\n\n\n\n<hr class=\"wp-block-separator has-alpha-channel-opacity\"\/>\n\n\n\n<div class=\"wp-block-columns is-layout-flex wp-container-core-columns-is-layout-28f84493 wp-block-columns-is-layout-flex\">\n<div class=\"wp-block-column is-layout-flow wp-block-column-is-layout-flow\">\n<figure class=\"wp-block-image aligncenter size-large is-resized\"><img loading=\"lazy\" decoding=\"async\" width=\"1024\" height=\"859\" src=\"https:\/\/niunuddstofa.is\/wp-content\/uploads\/2025\/09\/ania-2-1024x859.jpg\" alt=\"\" class=\"wp-image-229\" style=\"width:263px;height:auto\" srcset=\"https:\/\/niunuddstofa.is\/wp-content\/uploads\/2025\/09\/ania-2-1024x859.jpg 1024w, https:\/\/niunuddstofa.is\/wp-content\/uploads\/2025\/09\/ania-2-300x252.jpg 300w, https:\/\/niunuddstofa.is\/wp-content\/uploads\/2025\/09\/ania-2-768x644.jpg 768w, https:\/\/niunuddstofa.is\/wp-content\/uploads\/2025\/09\/ania-2-1536x1288.jpg 1536w, https:\/\/niunuddstofa.is\/wp-content\/uploads\/2025\/09\/ania-2-2048x1717.jpg 2048w, https:\/\/niunuddstofa.is\/wp-content\/uploads\/2025\/09\/ania-2-600x503.jpg 600w\" sizes=\"auto, (max-width: 1024px) 100vw, 1024px\" \/><\/figure>\n<\/div>\n\n\n\n<div class=\"wp-block-column is-layout-flow wp-block-column-is-layout-flow\">\n<p><strong>Anna<\/strong> is a certified and experienced Spa\/Massage Therapist for over 9 years. She had her master\u2019s degree at the University of Physical Education in Poland. Her expertise involves classic\/swedish massage \u2022 sport massage \u2022 deep tissue massage \u2022 hot stone massage \u2022 lymphatic massage \u2022 prenatal massage \u2022 thai massage \u2022 indian head massage \u2022Facial treatments and more&#8230;<\/p>\n<\/div>\n\n\n\n<div class=\"wp-block-column is-vertically-aligned-center is-layout-flow wp-block-column-is-layout-flow\">\n<div class=\"wp-block-buttons is-content-justification-center is-layout-flex wp-container-core-buttons-is-layout-a89b3969 wp-block-buttons-is-layout-flex\">\n<div class=\"wp-block-button\"><a class=\"wp-block-button__link wp-element-button\" href=\"https:\/\/noona.app\/niunuddstofaehf\">B\u00f3ka Anna<\/a><\/div>\n<\/div>\n<\/div>\n<\/div>\n\n\n\n<hr class=\"wp-block-separator has-alpha-channel-opacity\"\/>\n\n\n\n<p><\/p>\n","protected":false},"excerpt":{"rendered":"<p>Novy er l\u00f6ggiltur nuddari me\u00f0 yfir 5 \u00e1ra reynslu sem sameinar fj\u00f6lbreytta \u00feekkingu \u00ed nuddme\u00f0fer\u00f0art\u00e6kni sem skapar g\u00f3\u00f0a tilfinningu fyrir huga og l\u00edkama, slakar \u00e1 og lyftir upp \u00e1 sama t\u00edma. Maricel is a Certified Massage Therapist from the Philippines. Her expertise involves classic massage, relaxing massage and deep tissue massage. Laura is a certified [&hellip;]<\/p>\n","protected":false},"author":1,"featured_media":0,"parent":0,"menu_order":0,"comment_status":"closed","ping_status":"closed","template":"","meta":{"footnotes":""},"class_list":["post-32","page","type-page","status-publish","hentry"],"_links":{"self":[{"href":"https:\/\/niunuddstofa.is\/index.php\/wp-json\/wp\/v2\/pages\/32","targetHints":{"allow":["GET"]}}],"collection":[{"href":"https:\/\/niunuddstofa.is\/index.php\/wp-json\/wp\/v2\/pages"}],"about":[{"href":"https:\/\/niunuddstofa.is\/index.php\/wp-json\/wp\/v2\/types\/page"}],"author":[{"embeddable":true,"href":"https:\/\/niunuddstofa.is\/index.php\/wp-json\/wp\/v2\/users\/1"}],"replies":[{"embeddable":true,"href":"https:\/\/niunuddstofa.is\/index.php\/wp-json\/wp\/v2\/comments?post=32"}],"version-history":[{"count":19,"href":"https:\/\/niunuddstofa.is\/index.php\/wp-json\/wp\/v2\/pages\/32\/revisions"}],"predecessor-version":[{"id":400,"href":"https:\/\/niunuddstofa.is\/index.php\/wp-json\/wp\/v2\/pages\/32\/revisions\/400"}],"wp:attachment":[{"href":"https:\/\/niunuddstofa.is\/index.php\/wp-json\/wp\/v2\/media?parent=32"}],"curies":[{"name":"wp","href":"https:\/\/api.w.org\/{rel}","templated":true}]}}