{"id":289,"date":"2025-09-14T11:39:04","date_gmt":"2025-09-14T11:39:04","guid":{"rendered":"https:\/\/niunuddstofa.is\/?post_type=product&#038;p=289"},"modified":"2026-04-15T21:15:37","modified_gmt":"2026-04-15T21:15:37","slug":"90mins-nudd-ad-eigin-vali","status":"publish","type":"product","link":"https:\/\/niunuddstofa.is\/index.php\/product\/90mins-nudd-ad-eigin-vali\/","title":{"rendered":"90m\u00edns nudd a\u00f0 eigin vali"},"content":{"rendered":"<p>H\u00e6gt er a\u00f0 kaupa gjafabr\u00e9fin okkar h\u00e9r \u00e1 netinu og hj\u00e1 okkur \u00e1 nuddstofunni Faxafeni 10. N\u00edu Nuddstofa hefur a\u00f0 bj\u00f3\u00f0a fj\u00f6lda gl\u00e6silegra gjafabr\u00e9fa sem henta vel vi\u00f0 \u00f6ll t\u00e6kif\u00e6ri. Ef gjafabr\u00e9fin eru keypt hj\u00e1 okkur prentum vi\u00f0 \u00feau \u00fat og setjum \u00ed fallegt umslag.<\/p>\n","protected":false},"excerpt":{"rendered":"<p class=\"cvGsUA direction-ltr align-start para-style-body\"><span class=\"a_GcMg font-feature-liga-off font-feature-clig-off font-feature-calt-off text-decoration-none text-strikethrough-none\"><a href=\"https:\/\/noona.app\/niunuddstofaehf\/experience\/aYYtLu79Lue2JEaFshIIPNDi\">https:\/\/noona.app\/niunuddstofaehf\/experience\/aYYtLu79Lue2JEaFshIIPNDi<\/a><\/span><\/p>\n<p class=\"cvGsUA direction-ltr align-start para-style-body\"><span class=\"a_GcMg font-feature-liga-off font-feature-clig-off font-feature-calt-off text-decoration-none text-strikethrough-none\">Fj\u00f6ldi valkosta \u00ed bo\u00f0i. <\/span><span class=\"a_GcMg font-feature-liga-off font-feature-clig-off font-feature-calt-off text-decoration-none text-strikethrough-none\">Vi\u00f0 bj\u00f3\u00f0um upp\u00e1 sl\u00f6kunarnudd, klass\u00edskt nudd, dj\u00fapvefjanudd, \u00ed\u00fer\u00f3ttanudd, thai nudd, thai ol\u00edu nudd, paranudd og fleira. \u00c1 stofunni starfa s\u00e9r\u00fej\u00e1lfa\u00f0ir nuddarar me\u00f0 mikla reynslu.<\/span><\/p>\n","protected":false},"featured_media":293,"comment_status":"open","ping_status":"closed","template":"","meta":[],"product_brand":[],"product_cat":[18],"product_tag":[19,20],"class_list":{"0":"post-289","1":"product","2":"type-product","3":"status-publish","4":"has-post-thumbnail","6":"product_cat-gjafabref","7":"product_tag-gjafabref","8":"product_tag-nudd","10":"first","11":"instock","12":"taxable","13":"shipping-taxable","14":"purchasable","15":"product-type-simple"},"_links":{"self":[{"href":"https:\/\/niunuddstofa.is\/index.php\/wp-json\/wp\/v2\/product\/289","targetHints":{"allow":["GET"]}}],"collection":[{"href":"https:\/\/niunuddstofa.is\/index.php\/wp-json\/wp\/v2\/product"}],"about":[{"href":"https:\/\/niunuddstofa.is\/index.php\/wp-json\/wp\/v2\/types\/product"}],"replies":[{"embeddable":true,"href":"https:\/\/niunuddstofa.is\/index.php\/wp-json\/wp\/v2\/comments?post=289"}],"wp:featuredmedia":[{"embeddable":true,"href":"https:\/\/niunuddstofa.is\/index.php\/wp-json\/wp\/v2\/media\/293"}],"wp:attachment":[{"href":"https:\/\/niunuddstofa.is\/index.php\/wp-json\/wp\/v2\/media?parent=289"}],"wp:term":[{"taxonomy":"product_brand","embeddable":true,"href":"https:\/\/niunuddstofa.is\/index.php\/wp-json\/wp\/v2\/product_brand?post=289"},{"taxonomy":"product_cat","embeddable":true,"href":"https:\/\/niunuddstofa.is\/index.php\/wp-json\/wp\/v2\/product_cat?post=289"},{"taxonomy":"product_tag","embeddable":true,"href":"https:\/\/niunuddstofa.is\/index.php\/wp-json\/wp\/v2\/product_tag?post=289"}],"curies":[{"name":"wp","href":"https:\/\/api.w.org\/{rel}","templated":true}]}}