{"id":302,"date":"2025-09-14T12:40:16","date_gmt":"2025-09-14T12:40:16","guid":{"rendered":"https:\/\/niunuddstofa.is\/?post_type=product&#038;p=302"},"modified":"2026-03-14T16:45:52","modified_gmt":"2026-03-14T16:45:52","slug":"luxusparanudd","status":"publish","type":"product","link":"https:\/\/niunuddstofa.is\/index.php\/product\/luxusparanudd\/","title":{"rendered":"100m\u00edns L\u00faxus Paranudd"},"content":{"rendered":"<p>H\u00e6gt er a\u00f0 kaupa gjafabr\u00e9fin okkar h\u00e9r \u00e1 netinu og hj\u00e1 okkur \u00e1 nuddstofunni Faxafeni 10. N\u00edu Nuddstofa hefur a\u00f0 bj\u00f3\u00f0a fj\u00f6lda gl\u00e6silegra gjafabr\u00e9fa sem henta vel vi\u00f0 \u00f6ll t\u00e6kif\u00e6ri. Ef gjafabr\u00e9fin eru keypt hj\u00e1 okkur prentum vi\u00f0 \u00feau \u00fat og setjum \u00ed fallegt umslag.<\/p>\n","protected":false},"excerpt":{"rendered":"<p><a href=\"https:\/\/noona.app\/niunuddstofaehf\/experience\/U05zR6sY2BwipavESkWblpRf\">https:\/\/noona.app\/niunuddstofaehf\/experience\/U05zR6sY2BwipavESkWblpRf<\/a><\/p>\n<p>\u00deetta kort gildir fyrir tvo.<br \/>\n\u270560mins massage of your choice \u2705 Infrared sauna blanket\u2705Face Massage\u2705Face Mask<\/p>\n","protected":false},"featured_media":303,"comment_status":"open","ping_status":"closed","template":"","meta":[],"product_brand":[],"product_cat":[18],"product_tag":[19,20],"class_list":{"0":"post-302","1":"product","2":"type-product","3":"status-publish","4":"has-post-thumbnail","6":"product_cat-gjafabref","7":"product_tag-gjafabref","8":"product_tag-nudd","10":"first","11":"instock","12":"taxable","13":"shipping-taxable","14":"purchasable","15":"product-type-simple"},"_links":{"self":[{"href":"https:\/\/niunuddstofa.is\/index.php\/wp-json\/wp\/v2\/product\/302","targetHints":{"allow":["GET"]}}],"collection":[{"href":"https:\/\/niunuddstofa.is\/index.php\/wp-json\/wp\/v2\/product"}],"about":[{"href":"https:\/\/niunuddstofa.is\/index.php\/wp-json\/wp\/v2\/types\/product"}],"replies":[{"embeddable":true,"href":"https:\/\/niunuddstofa.is\/index.php\/wp-json\/wp\/v2\/comments?post=302"}],"wp:featuredmedia":[{"embeddable":true,"href":"https:\/\/niunuddstofa.is\/index.php\/wp-json\/wp\/v2\/media\/303"}],"wp:attachment":[{"href":"https:\/\/niunuddstofa.is\/index.php\/wp-json\/wp\/v2\/media?parent=302"}],"wp:term":[{"taxonomy":"product_brand","embeddable":true,"href":"https:\/\/niunuddstofa.is\/index.php\/wp-json\/wp\/v2\/product_brand?post=302"},{"taxonomy":"product_cat","embeddable":true,"href":"https:\/\/niunuddstofa.is\/index.php\/wp-json\/wp\/v2\/product_cat?post=302"},{"taxonomy":"product_tag","embeddable":true,"href":"https:\/\/niunuddstofa.is\/index.php\/wp-json\/wp\/v2\/product_tag?post=302"}],"curies":[{"name":"wp","href":"https:\/\/api.w.org\/{rel}","templated":true}]}}